{"id":2021,"date":"2024-02-28T07:44:32","date_gmt":"2024-02-28T07:44:32","guid":{"rendered":"https:\/\/kood.tech\/toetused\/"},"modified":"2025-09-26T15:40:30","modified_gmt":"2025-09-26T15:40:30","slug":"toetused","status":"publish","type":"page","link":"https:\/\/kood.tech\/en\/about-us\/toetused\/","title":{"rendered":"Toetused (ENG)"},"content":{"rendered":"<div class=\"ama-block block-txtmedia-ascii full-width\" style=\"--ama-heading-stencil-color: var(--ama-accent-color-1)\"><div class=\"block__body\"><div class=\"body__content\"><div class=\"acf-innerblocks-container\">\n\n<h2 style=\"--ama-heading-stencil-color: var(--ama-accent-color-1)\" class=\"wp-block-heading is-style-with-stencil has-semi-large-font-size wp-el\">Maakondade arengustrateegiate elluviimise toetusmeede<\/h2>\n\n\n\n<p class=\"wp-el\">Maakondade arengustrateegiate elluviimise toetusmeede kaudu on toetatud kood\/J\u00f5hvi \u00f5ppijate arvu kasvu \u00f5ppeaastal 2022\/2023. Toetust kasutati \u00f5ppet\u00f6\u00f6ks vajalike \u00f5ppeprogrammi litsentsi ja tehnika soetamiseks.<\/p>\n\n\n\n<h2 style=\"--ama-heading-stencil-color: var(--ama-accent-color-2)\" class=\"wp-block-heading is-style-with-stencil has-semi-large-font-size wp-el\">Ida-Viru maakonna ettev\u00f5tluse ning t\u00f6\u00f6alaste oskuste mitmekesistamise toetusprogramm<\/h2>\n\n\n\n<p class=\"wp-el\">Rahandusministeerium toetab kood\/J\u00f5hvi ehk J\u00f5hvi tehnoloogiakooli rajamist. Projekti k\u00e4igus rajatakse Ida-Virumaale uue p\u00f5lvkonna programmeerimiskool, mis avatakse \u00f5ppet\u00f6\u00f6ks septembris 2021. Kooli \u00f5ppet\u00f6\u00f6 baseerub programmeerimis- ja IT-\u00f5ppe programmil, mis l\u00e4htub ise\u00f5ppimise metoodikast, soodustab praktilise kogemuse saamist, koost\u00f6\u00f6 arendamist, valdkonnaalaste \u00fcrituste ja mentorlusprogrammide loomist. \u00d5ppeprogrammi l\u00e4binutest saavad programmeerimis- ja IT-valdkonna professionaalid, kellele on garanteeritud k\u00f5rge sissetulekuga t\u00f6\u00f6kohad. Projektile on eraldatud Ida-Viru maakonna ettev\u00f5tluse ning inimeste t\u00f6\u00f6alaste oskuste mitmekesistamiseks toetusprogrammist toetus summas 1,8 mln \u20ac.<\/p>\n\n\n\n<p class=\"wp-el\"><strong>2021 aasta kood\/J\u00f5hvi turundus- ja kommunikatsioonikampaania viidi ellu Startup Estonia ja sihtasutus Kredexi kaasfinantseerimisel.<\/strong><\/p>\n\n<\/div><div class=\"clear\"><\/div><div class=\"ascii-wrapper ascii-type-img\"><\/div><\/div><div class=\"body__content-secondary\"><span class=\"ama-masked-logo\"><img loading=\"lazy\" decoding=\"async\" width=\"300\" height=\"102\" src=\"https:\/\/kood.tech\/wp-content\/uploads\/2024\/03\/startup_estonia-logo-300x102.png\" class=\"attachment-logo-lg size-logo-lg\" alt=\"\" srcset=\"https:\/\/kood.tech\/wp-content\/uploads\/2024\/03\/startup_estonia-logo-300x102.png 300w, https:\/\/kood.tech\/wp-content\/uploads\/2024\/03\/startup_estonia-logo-118x40.png 118w, https:\/\/kood.tech\/wp-content\/uploads\/2024\/03\/startup_estonia-logo.png 1000w\" sizes=\"auto, (max-width: 300px) 100vw, 300px\" \/><span class=\"ama-mask\" style=\"mask-image: url(https:\/\/kood.tech\/wp-content\/uploads\/2024\/03\/startup_estonia-logo-300x102.png); -webkit-mask-image: url(https:\/\/kood.tech\/wp-content\/uploads\/2024\/03\/startup_estonia-logo-300x102.png);\"><\/span><\/span><span class=\"ama-masked-logo\"><img loading=\"lazy\" decoding=\"async\" width=\"300\" height=\"60\" src=\"https:\/\/kood.tech\/wp-content\/uploads\/2024\/03\/kredex-must-300x60.png\" class=\"attachment-logo-lg size-logo-lg\" alt=\"\" srcset=\"https:\/\/kood.tech\/wp-content\/uploads\/2024\/03\/kredex-must-300x60.png 300w, https:\/\/kood.tech\/wp-content\/uploads\/2024\/03\/kredex-must-130x26.png 130w, https:\/\/kood.tech\/wp-content\/uploads\/2024\/03\/kredex-must.png 387w\" sizes=\"auto, (max-width: 300px) 100vw, 300px\" \/><span class=\"ama-mask\" style=\"mask-image: url(https:\/\/kood.tech\/wp-content\/uploads\/2024\/03\/kredex-must-300x60.png); -webkit-mask-image: url(https:\/\/kood.tech\/wp-content\/uploads\/2024\/03\/kredex-must-300x60.png);\"><\/span><\/span><span class=\"ama-masked-logo\"><img loading=\"lazy\" decoding=\"async\" width=\"300\" height=\"102\" src=\"https:\/\/kood.tech\/wp-content\/uploads\/2024\/03\/rahamin-reg-300x102.png\" class=\"attachment-logo-lg size-logo-lg\" alt=\"\" srcset=\"https:\/\/kood.tech\/wp-content\/uploads\/2024\/03\/rahamin-reg-300x102.png 300w, https:\/\/kood.tech\/wp-content\/uploads\/2024\/03\/rahamin-reg-117x40.png 117w, https:\/\/kood.tech\/wp-content\/uploads\/2024\/03\/rahamin-reg.png 855w\" sizes=\"auto, (max-width: 300px) 100vw, 300px\" \/><span class=\"ama-mask\" style=\"mask-image: url(https:\/\/kood.tech\/wp-content\/uploads\/2024\/03\/rahamin-reg-300x102.png); -webkit-mask-image: url(https:\/\/kood.tech\/wp-content\/uploads\/2024\/03\/rahamin-reg-300x102.png);\"><\/span><\/span><\/div><\/div><\/div><div class=\"ama-block block-seperator full-width\" style=\"--seperator-bgcolor: var(--ama-accent-color-3);\"><\/div>","protected":false},"excerpt":{"rendered":"","protected":false},"author":1,"featured_media":0,"parent":2034,"menu_order":30,"comment_status":"closed","ping_status":"closed","template":"","meta":{"_acf_changed":false,"inline_featured_image":false,"footnotes":""},"class_list":["post-2021","page","type-page","status-publish","hentry"],"acf":[],"_links":{"self":[{"href":"https:\/\/kood.tech\/en\/wp-json\/wp\/v2\/pages\/2021","targetHints":{"allow":["GET"]}}],"collection":[{"href":"https:\/\/kood.tech\/en\/wp-json\/wp\/v2\/pages"}],"about":[{"href":"https:\/\/kood.tech\/en\/wp-json\/wp\/v2\/types\/page"}],"author":[{"embeddable":true,"href":"https:\/\/kood.tech\/en\/wp-json\/wp\/v2\/users\/1"}],"replies":[{"embeddable":true,"href":"https:\/\/kood.tech\/en\/wp-json\/wp\/v2\/comments?post=2021"}],"version-history":[{"count":2,"href":"https:\/\/kood.tech\/en\/wp-json\/wp\/v2\/pages\/2021\/revisions"}],"predecessor-version":[{"id":22569,"href":"https:\/\/kood.tech\/en\/wp-json\/wp\/v2\/pages\/2021\/revisions\/22569"}],"up":[{"embeddable":true,"href":"https:\/\/kood.tech\/en\/wp-json\/wp\/v2\/pages\/2034"}],"wp:attachment":[{"href":"https:\/\/kood.tech\/en\/wp-json\/wp\/v2\/media?parent=2021"}],"curies":[{"name":"wp","href":"https:\/\/api.w.org\/{rel}","templated":true}]}}