{"id":13549,"date":"2024-05-31T05:43:22","date_gmt":"2024-05-31T05:43:22","guid":{"rendered":"https:\/\/kood.tech\/detailsed-kontaktandmed-2\/"},"modified":"2024-09-30T11:05:23","modified_gmt":"2024-09-30T11:05:23","slug":"contacts","status":"publish","type":"page","link":"https:\/\/kood.tech\/en\/contacts\/","title":{"rendered":"Contacts"},"content":{"rendered":"<div class=\"ama-block block-txtmedia full-width\"><div class=\"block__body\"><div class=\"body__content\" data-animate=\"T_FADE_LEFT\"><div class=\"acf-innerblocks-container\">\n\n<p class=\"has-semi-large-font-size wp-el\"><strong>MT\u00dc Tuleviku Tehnoloogiaharidus<\/strong><\/p>\n\n\n\n<p class=\"wp-el\">2. Tartu p\u00f5ik 5, J\u00f5hvi city, 41537 J\u00f5hvi parish, Ida-Viru county, Estonia<br>Org Reg nr 80583085<br>VAT nr EE102313721<br>Bank account EE297700771005127741 (BIC\/SWIFT: LHVBEE22)<br>E-mail: <a href=\"mailto:info@kood.tech\">info@kood.tech<\/a><\/p>\n\n<\/div><\/div><div class=\"body__media\" data-animate=\"T_FADE_RIGHT\"><div class=\"body__media--inner\"><div class=\"splide\" data-splide={\"type\":\"fade\",\"pagination\":false}><div class=\"splide__track\"><ul class=\"splide__list\"><li class=\"splide__slide\"><a href=\"https:\/\/kood.tech\/wp-content\/uploads\/2024\/03\/koodJohvi_002-1160x773.jpg\" data-fancybox=\"txtmedia-block_66fa85f32b95e\"><img loading=\"lazy\" decoding=\"async\" width=\"2500\" height=\"1667\" src=\"https:\/\/kood.tech\/wp-content\/uploads\/2024\/03\/koodJohvi_002.jpg\" class=\"attachment-txtmedia size-txtmedia\" alt=\"\" srcset=\"https:\/\/kood.tech\/wp-content\/uploads\/2024\/03\/koodJohvi_002.jpg 2500w, https:\/\/kood.tech\/wp-content\/uploads\/2024\/03\/koodJohvi_002-1160x773.jpg 1160w, https:\/\/kood.tech\/wp-content\/uploads\/2024\/03\/koodJohvi_002-195x130.jpg 195w, https:\/\/kood.tech\/wp-content\/uploads\/2024\/03\/koodJohvi_002-60x40.jpg 60w\" sizes=\"auto, (max-width: 2500px) 100vw, 2500px\" \/><\/a><\/li><\/ul><\/div><div class=\"splide__arrows hide-arrows\"><button class=\"splide__arrow splide__arrow--prev\"><svg xmlns=\"http:\/\/www.w3.org\/2000\/svg\" width=\"10\" height=\"20\" viewBox=\"0 0 10 20\"><path d=\"M8158.55,22419.727l-8.334-9.164a.84.84,0,0,1,0-1.123l8.334-9.166a.834.834,0,0,1,1.234,1.121l-7.823,8.605,7.823,8.607a.833.833,0,1,1-1.234,1.119Z\" transform=\"translate(-8150.001 -22400)\" fill=\"currentColor\"\/><\/svg><\/button><button class=\"splide__arrow splide__arrow--next\"><svg xmlns=\"http:\/\/www.w3.org\/2000\/svg\" width=\"10\" height=\"20\" viewBox=\"0 0 10 20\"><path d=\"M8151.452,22419.727l8.334-9.164a.84.84,0,0,0,0-1.123l-8.334-9.166a.834.834,0,0,0-1.234,1.121l7.823,8.605-7.823,8.607a.833.833,0,1,0,1.234,1.119Z\" transform=\"translate(-8150.001 -22400)\" fill=\"currentColor\"\/><\/svg><\/button><\/div><\/div><\/div><\/div><\/div><\/div><div class=\"ama-block block-seperator full-width\" style=\"--seperator-bgcolor: var(--ama-accent-color-3);\"><\/div>","protected":false},"excerpt":{"rendered":"","protected":false},"author":1,"featured_media":0,"parent":0,"menu_order":0,"comment_status":"closed","ping_status":"closed","template":"","meta":{"_acf_changed":false,"inline_featured_image":false,"footnotes":""},"class_list":["post-13549","page","type-page","status-publish","hentry"],"acf":[],"_links":{"self":[{"href":"https:\/\/kood.tech\/en\/wp-json\/wp\/v2\/pages\/13549","targetHints":{"allow":["GET"]}}],"collection":[{"href":"https:\/\/kood.tech\/en\/wp-json\/wp\/v2\/pages"}],"about":[{"href":"https:\/\/kood.tech\/en\/wp-json\/wp\/v2\/types\/page"}],"author":[{"embeddable":true,"href":"https:\/\/kood.tech\/en\/wp-json\/wp\/v2\/users\/1"}],"replies":[{"embeddable":true,"href":"https:\/\/kood.tech\/en\/wp-json\/wp\/v2\/comments?post=13549"}],"version-history":[{"count":1,"href":"https:\/\/kood.tech\/en\/wp-json\/wp\/v2\/pages\/13549\/revisions"}],"predecessor-version":[{"id":21511,"href":"https:\/\/kood.tech\/en\/wp-json\/wp\/v2\/pages\/13549\/revisions\/21511"}],"wp:attachment":[{"href":"https:\/\/kood.tech\/en\/wp-json\/wp\/v2\/media?parent=13549"}],"curies":[{"name":"wp","href":"https:\/\/api.w.org\/{rel}","templated":true}]}}